{"id":4252,"date":"2024-09-21T06:51:47","date_gmt":"2024-09-21T03:51:47","guid":{"rendered":"https:\/\/zinetgold.com\/010-karat-twist-pirlanta-nisan-yuzugu\/"},"modified":"2024-09-21T06:51:58","modified_gmt":"2024-09-21T03:51:58","slug":"010-karat-twist-pirlanta-nisan-yuzugu","status":"publish","type":"product","link":"https:\/\/zinetgold.com\/tr\/010-karat-twist-pirlanta-nisan-yuzugu\/","title":{"rendered":"0,10 Karat Twist P\u0131rlanta Ni\u015fan Y\u00fcz\u00fc\u011f\u00fc"},"content":{"rendered":"<p>Bu zarif y\u00fcz\u00fck, daha fazla parlakl\u0131k i\u00e7in daha k\u00fc\u00e7\u00fck elmaslardan olu\u015fan bir haleyle \u00e7evrili dikd\u00f6rtgen bir merkez p\u0131rlantaya sahiptir.<br \/>\nKarma\u015f\u0131k bir \u015fekilde k\u0131vr\u0131lm\u0131\u015f olan bant, k\u0131vr\u0131mlar boyunca uzanan pav\u00e9-set p\u0131rlantalarla romantik ve karma\u015f\u0131k bir tasar\u0131ma sahiptir.<br \/>\n14 ayar beyaz alt\u0131ndan \u00fcretilen bu y\u00fcz\u00fck, klasik tekta\u015f g\u00f6r\u00fcn\u00fcm\u00fcn\u00fc \u00e7a\u011fda\u015f bir dokunu\u015fla birle\u015ftirerek benzersiz ama zamans\u0131z bir stil sunuyor.<br \/>\nNi\u015fan y\u00fcz\u00fc\u011f\u00fc veya g\u00f6steri\u015fli bir par\u00e7a olarak m\u00fckemmeldir.     &nbsp;<\/p>\n","protected":false},"excerpt":{"rendered":"<p><strong>SKU-BYZ00026300<\/strong><strong>.10 Karat<\/strong> P\u0131rlanta Y\u00fcz\u00fck <strong>14 Ayar Beyaz Alt\u0131n<\/strong> <strong> <\/strong><strong> 2.54 gram<\/strong> a\u011f\u0131rl\u0131\u011f\u0131nda y\u00fcksek kalite do\u011fal p\u0131rlanta<\/p>\n","protected":false},"featured_media":4246,"comment_status":"open","ping_status":"closed","template":"","meta":{"_kad_blocks_custom_css":"","_kad_blocks_head_custom_js":"","_kad_blocks_body_custom_js":"","_kad_blocks_footer_custom_js":"","_kadence_starter_templates_imported_post":false,"_kad_post_transparent":"","_kad_post_title":"","_kad_post_layout":"","_kad_post_sidebar_id":"","_kad_post_content_style":"","_kad_post_vertical_padding":"","_kad_post_feature":"","_kad_post_feature_position":"","_kad_post_header":false,"_kad_post_footer":false,"_kad_post_classname":""},"product_brand":[],"product_cat":[55],"product_tag":[],"class_list":{"0":"post-4252","1":"product","2":"type-product","3":"status-publish","4":"has-post-thumbnail","6":"product_cat-pirlanta-yuzukler","8":"first","9":"instock","10":"sale","11":"shipping-taxable","12":"purchasable","13":"product-type-variable","14":"has-default-attributes","15":"entry","16":"content-bg","17":"loop-entry"},"taxonomy_info":{"product_cat":[{"value":55,"label":"P\u0131rlanta Y\u00fcz\u00fckler"}]},"featured_image_src_large":["https:\/\/zinetgold.com\/wp-content\/uploads\/2024\/09\/BYZ0002630-14K-D-0.21-F-G-SI-52-BD-0.10-F-G-SI-3-2.54-gr.-2057-1024x1024.png",1024,1024,true],"author_info":[],"comment_info":0,"_links":{"self":[{"href":"https:\/\/zinetgold.com\/tr\/wp-json\/wp\/v2\/product\/4252","targetHints":{"allow":["GET"]}}],"collection":[{"href":"https:\/\/zinetgold.com\/tr\/wp-json\/wp\/v2\/product"}],"about":[{"href":"https:\/\/zinetgold.com\/tr\/wp-json\/wp\/v2\/types\/product"}],"replies":[{"embeddable":true,"href":"https:\/\/zinetgold.com\/tr\/wp-json\/wp\/v2\/comments?post=4252"}],"wp:featuredmedia":[{"embeddable":true,"href":"https:\/\/zinetgold.com\/tr\/wp-json\/wp\/v2\/media\/4246"}],"wp:attachment":[{"href":"https:\/\/zinetgold.com\/tr\/wp-json\/wp\/v2\/media?parent=4252"}],"wp:term":[{"taxonomy":"product_brand","embeddable":true,"href":"https:\/\/zinetgold.com\/tr\/wp-json\/wp\/v2\/product_brand?post=4252"},{"taxonomy":"product_cat","embeddable":true,"href":"https:\/\/zinetgold.com\/tr\/wp-json\/wp\/v2\/product_cat?post=4252"},{"taxonomy":"product_tag","embeddable":true,"href":"https:\/\/zinetgold.com\/tr\/wp-json\/wp\/v2\/product_tag?post=4252"}],"curies":[{"name":"wp","href":"https:\/\/api.w.org\/{rel}","templated":true}]}}