{"id":4262,"date":"2024-10-02T13:31:50","date_gmt":"2024-10-02T10:31:50","guid":{"rendered":"https:\/\/zinetgold.com\/pirlanta-safir-zarif-set\/"},"modified":"2024-10-02T13:32:00","modified_gmt":"2024-10-02T10:32:00","slug":"pirlanta-safir-zarif-set","status":"publish","type":"product","link":"https:\/\/zinetgold.com\/tr\/pirlanta-safir-zarif-set\/","title":{"rendered":"P\u0131rlanta Safir Zarif Set"},"content":{"rendered":"<p>Bu \u00e7arp\u0131c\u0131 m\u00fccevher seti, zamans\u0131z bir tasar\u0131mda parlak p\u0131rlantalarla zarif bir \u015fekilde \u00e7er\u00e7evelenmi\u015f koyu mavi safirlere sahiptir.<br \/>\nOrtadaki safir g\u00f6zya\u015f\u0131 damlas\u0131 \u015feklinde \u00e7arp\u0131c\u0131 bir ta\u015ft\u0131r ve p\u0131rlanta halesiyle \u00e7evrelenerek \u0131\u015f\u0131lt\u0131 ve sofistike bir g\u00f6r\u00fcn\u00fcm katar.<br \/>\nSet, l\u00fcks ve zarif bir g\u00f6r\u00fcn\u00fcm sunan 14 ayar beyaz alt\u0131ndan \u00fcretilmi\u015ftir.<br \/>\nSafirin zengin rengi, p\u0131rlantalar\u0131n parlakl\u0131\u011f\u0131yla birle\u015ferek ola\u011fan\u00fcst\u00fc kalite ve i\u015f\u00e7ili\u011fi vurgular ve \u00f6zel g\u00fcnler i\u00e7in veya herhangi bir k\u0131yafete \u015f\u0131kl\u0131k katmak i\u00e7in m\u00fckemmel bir se\u00e7imdir.   <\/p>\n","protected":false},"excerpt":{"rendered":"<p><strong>SKU-YZ0002510 0,83 Karat <\/strong>P\u0131rlanta Kolye<strong> 14 ayar Beyaz Alt\u0131n<\/strong> <strong> <\/strong><strong>2,44 gram <\/strong> a\u011f\u0131rl\u0131\u011f\u0131nda y\u00fcksek kaliteli do\u011fal p\u0131rlantalar 0<strong>,80 Karat<\/strong> P\u0131rlanta Y\u00fcz\u00fck<strong> 14<\/strong> ayar<strong> Beyaz Alt\u0131n<\/strong><strong> 1,98 gram a\u011f\u0131rl\u0131\u011f\u0131nda y\u00fcksek kaliteli do\u011fal p\u0131rlantalar1<\/strong><strong>,65 Karat<\/strong> P\u0131rlanta K\u00fcpe<strong> 14 ayar Beyaz Alt\u0131n<\/strong> 1 <strong>,95 gram a\u011f\u0131rl\u0131\u011f\u0131nda y\u00fcksek kaliteli do\u011fal p\u0131rlantalar Kolye-$ 487 K\u00fcpe-$ 653 Y\u00fcz\u00fck-$ 487 <\/strong> <\/p>\n","protected":false},"featured_media":4261,"comment_status":"open","ping_status":"closed","template":"","meta":{"_kad_blocks_custom_css":"","_kad_blocks_head_custom_js":"","_kad_blocks_body_custom_js":"","_kad_blocks_footer_custom_js":"","_kadence_starter_templates_imported_post":false,"_kad_post_transparent":"","_kad_post_title":"","_kad_post_layout":"","_kad_post_sidebar_id":"","_kad_post_content_style":"","_kad_post_vertical_padding":"","_kad_post_feature":"","_kad_post_feature_position":"","_kad_post_header":false,"_kad_post_footer":false,"_kad_post_classname":""},"product_brand":[],"product_cat":[54],"product_tag":[],"class_list":{"0":"post-4262","1":"product","2":"type-product","3":"status-publish","4":"has-post-thumbnail","6":"product_cat-elmas-setleri","8":"first","9":"instock","10":"sale","11":"shipping-taxable","12":"purchasable","13":"product-type-simple","14":"entry","15":"content-bg","16":"loop-entry"},"taxonomy_info":{"product_cat":[{"value":54,"label":"Elmas Setleri"}]},"featured_image_src_large":["https:\/\/zinetgold.com\/wp-content\/uploads\/2024\/10\/rYZ0002510-14K-D-0.21-F-G-SI-28-SF-0.8011.98-gr.-1705-n-KL0000536-14K-D-0.16-F-G-SI-17-SF-0.83-1-2.44-gr.-1705-t-KP0000495-14K-D-0.31-F-G-SI-32-SF-1.65-2-1.95-gr.-2288-1024x1024.png",1024,1024,true],"author_info":[],"comment_info":0,"_links":{"self":[{"href":"https:\/\/zinetgold.com\/tr\/wp-json\/wp\/v2\/product\/4262","targetHints":{"allow":["GET"]}}],"collection":[{"href":"https:\/\/zinetgold.com\/tr\/wp-json\/wp\/v2\/product"}],"about":[{"href":"https:\/\/zinetgold.com\/tr\/wp-json\/wp\/v2\/types\/product"}],"replies":[{"embeddable":true,"href":"https:\/\/zinetgold.com\/tr\/wp-json\/wp\/v2\/comments?post=4262"}],"wp:featuredmedia":[{"embeddable":true,"href":"https:\/\/zinetgold.com\/tr\/wp-json\/wp\/v2\/media\/4261"}],"wp:attachment":[{"href":"https:\/\/zinetgold.com\/tr\/wp-json\/wp\/v2\/media?parent=4262"}],"wp:term":[{"taxonomy":"product_brand","embeddable":true,"href":"https:\/\/zinetgold.com\/tr\/wp-json\/wp\/v2\/product_brand?post=4262"},{"taxonomy":"product_cat","embeddable":true,"href":"https:\/\/zinetgold.com\/tr\/wp-json\/wp\/v2\/product_cat?post=4262"},{"taxonomy":"product_tag","embeddable":true,"href":"https:\/\/zinetgold.com\/tr\/wp-json\/wp\/v2\/product_tag?post=4262"}],"curies":[{"name":"wp","href":"https:\/\/api.w.org\/{rel}","templated":true}]}}