{"id":4266,"date":"2024-10-02T13:43:35","date_gmt":"2024-10-02T10:43:35","guid":{"rendered":"https:\/\/zinetgold.com\/okyanus-halo-pirlanta-seti\/"},"modified":"2024-10-02T13:43:47","modified_gmt":"2024-10-02T10:43:47","slug":"okyanus-halo-pirlanta-seti","status":"publish","type":"product","link":"https:\/\/zinetgold.com\/tr\/okyanus-halo-pirlanta-seti\/","title":{"rendered":"Okyanus Halo P\u0131rlanta Seti"},"content":{"rendered":"<p>&#8220;Ocean Halo&#8221; olarak adland\u0131r\u0131labilecek bu zarif m\u00fccevher setinin merkezinde, parlak kesim p\u0131rlantalardan olu\u015fan \u0131\u015f\u0131lt\u0131l\u0131 bir hale ile \u00e7evrili \u00e7arp\u0131c\u0131 koyu mavi oval bir safir yer al\u0131yor.<br \/>\nTasar\u0131m zamans\u0131zd\u0131r ve safirin zengin tonu p\u0131rlantalar\u0131n parlakl\u0131\u011f\u0131na kar\u015f\u0131 \u00e7arp\u0131c\u0131 bir kontrast olu\u015fturur.<br \/>\nKaliteli 14 ayar beyaz alt\u0131ndan \u00fcretilen set, zarafet ve sofistikeli\u011fe \u00f6nem verenler i\u00e7in m\u00fckemmel, l\u00fcks ama zarif bir g\u00f6r\u00fcn\u00fcm sunuyor.<br \/>\nSafir ve p\u0131rlantan\u0131n uyumlu kar\u0131\u015f\u0131m\u0131, bu seti her tak\u0131ma ihti\u015faml\u0131 bir dokunu\u015f katmak i\u00e7in ideal bir se\u00e7im haline getiriyor.   <\/p>\n","protected":false},"excerpt":{"rendered":"<p><strong>SKU-YZ0002512 <\/strong><strong>0.50 Karat <\/strong>P\u0131rlanta Kolye<strong> 14 ayar Beyaz Alt\u0131n<\/strong> <strong> <\/strong><strong>2.46 gram <\/strong> a\u011f\u0131rl\u0131\u011f\u0131nda y\u00fcksek kalite do\u011fal p\u0131rlantal\u0131 0<strong>.49 Karat<\/strong> P\u0131rlanta Y\u00fcz\u00fck<strong> 14<\/strong> ayar<strong> Beyaz Alt\u0131n<\/strong><strong> 1.70 gram a\u011f\u0131rl\u0131\u011f\u0131nda y\u00fcksek kalite do\u011fal p\u0131rlantal\u01311<\/strong><strong>.03 Karat<\/strong> P\u0131rlanta K\u00fcpe<strong> 14 ayar Beyaz Alt\u0131n<\/strong> 1 <strong>.65 gram a\u011f\u0131rl\u0131\u011f\u0131nda y\u00fcksek kalite do\u011fal p\u0131rlantal\u0131<\/strong><strong>Kolye-$<\/strong> 440 <strong>K\u00fcpe-$<\/strong> 493 <strong>Y\u00fcz\u00fck-$<\/strong> 396  &nbsp;<\/p>\n<p><strong> <\/strong><\/p>\n","protected":false},"featured_media":4265,"comment_status":"open","ping_status":"closed","template":"","meta":{"_kad_blocks_custom_css":"","_kad_blocks_head_custom_js":"","_kad_blocks_body_custom_js":"","_kad_blocks_footer_custom_js":"","_kadence_starter_templates_imported_post":false,"_kad_post_transparent":"","_kad_post_title":"","_kad_post_layout":"","_kad_post_sidebar_id":"","_kad_post_content_style":"","_kad_post_vertical_padding":"","_kad_post_feature":"","_kad_post_feature_position":"","_kad_post_header":false,"_kad_post_footer":false,"_kad_post_classname":""},"product_brand":[],"product_cat":[54],"product_tag":[],"class_list":{"0":"post-4266","1":"product","2":"type-product","3":"status-publish","4":"has-post-thumbnail","6":"product_cat-elmas-setleri","8":"first","9":"instock","10":"sale","11":"shipping-taxable","12":"purchasable","13":"product-type-simple","14":"entry","15":"content-bg","16":"loop-entry"},"taxonomy_info":{"product_cat":[{"value":54,"label":"Elmas Setleri"}]},"featured_image_src_large":["https:\/\/zinetgold.com\/wp-content\/uploads\/2024\/10\/r-YZ0002512-14K-D-0.19-F-G-SI-26-SF-0.491.70-gr.-1386-n-KL0000538-14K-D-0.16-F-G-SI-17-SF-0.50-1-2.46-gr.-1540-1024x1024.png",1024,1024,true],"author_info":[],"comment_info":0,"_links":{"self":[{"href":"https:\/\/zinetgold.com\/tr\/wp-json\/wp\/v2\/product\/4266","targetHints":{"allow":["GET"]}}],"collection":[{"href":"https:\/\/zinetgold.com\/tr\/wp-json\/wp\/v2\/product"}],"about":[{"href":"https:\/\/zinetgold.com\/tr\/wp-json\/wp\/v2\/types\/product"}],"replies":[{"embeddable":true,"href":"https:\/\/zinetgold.com\/tr\/wp-json\/wp\/v2\/comments?post=4266"}],"wp:featuredmedia":[{"embeddable":true,"href":"https:\/\/zinetgold.com\/tr\/wp-json\/wp\/v2\/media\/4265"}],"wp:attachment":[{"href":"https:\/\/zinetgold.com\/tr\/wp-json\/wp\/v2\/media?parent=4266"}],"wp:term":[{"taxonomy":"product_brand","embeddable":true,"href":"https:\/\/zinetgold.com\/tr\/wp-json\/wp\/v2\/product_brand?post=4266"},{"taxonomy":"product_cat","embeddable":true,"href":"https:\/\/zinetgold.com\/tr\/wp-json\/wp\/v2\/product_cat?post=4266"},{"taxonomy":"product_tag","embeddable":true,"href":"https:\/\/zinetgold.com\/tr\/wp-json\/wp\/v2\/product_tag?post=4266"}],"curies":[{"name":"wp","href":"https:\/\/api.w.org\/{rel}","templated":true}]}}