{"id":4271,"date":"2024-10-02T14:02:16","date_gmt":"2024-10-02T11:02:16","guid":{"rendered":"https:\/\/zinetgold.com\/emerald-majesty-pirlanta-set\/"},"modified":"2024-10-02T14:02:28","modified_gmt":"2024-10-02T11:02:28","slug":"emerald-majesty-pirlanta-set","status":"publish","type":"product","link":"https:\/\/zinetgold.com\/tr\/emerald-majesty-pirlanta-set\/","title":{"rendered":"Emerald Majesty P\u0131rlanta Set"},"content":{"rendered":"<p>Bu \u00e7arp\u0131c\u0131 setin merkezinde armut bi\u00e7imli \u00e7arp\u0131c\u0131 bir z\u00fcmr\u00fct yer al\u0131yor ve etraf\u0131 \u0131\u015f\u0131lt\u0131l\u0131 p\u0131rlantalarla \u00e7evrili.<br \/>\nZ\u00fcmr\u00fcd\u00fcn koyu ye\u015fil tonu p\u0131rlantalar\u0131n parlakl\u0131\u011f\u0131yla g\u00fczel bir tezat olu\u015fturarak zarif ve zamans\u0131z bir g\u00f6r\u00fcn\u00fcm yarat\u0131yor.<br \/>\nKaliteli 14 ayar beyaz alt\u0131ndan \u00fcretilen set, rafine m\u00fccevherlere de\u011fer verenler i\u00e7in m\u00fckemmel bir l\u00fcks cazibesi sunuyor.<br \/>\nZ\u00fcmr\u00fct\u00fcn zengin rengi ve p\u0131rlantalar\u0131n \u0131\u015f\u0131lt\u0131s\u0131, bu seti \u00f6zel g\u00fcnler i\u00e7in ideal bir se\u00e7im haline getirerek her k\u0131yafete muhte\u015fem bir sofistike dokunu\u015f katar.   <\/p>\n","protected":false},"excerpt":{"rendered":"<p><strong>SKU-YZ0025140<\/strong><strong>.53 Karat <\/strong>P\u0131rlanta Kolye<strong> 14 ayar Beyaz Alt\u0131n<\/strong> <strong> <\/strong><strong>2.52 gram <\/strong> a\u011f\u0131rl\u0131\u011f\u0131nda y\u00fcksek kaliteli do\u011fal p\u0131rlantalar 0<strong>.35 Karat<\/strong> P\u0131rlanta Y\u00fcz\u00fck<strong> 14<\/strong> ayar<strong> Beyaz Alt\u0131n<\/strong><strong> 1.70 gram a\u011f\u0131rl\u0131\u011f\u0131nda y\u00fcksek kaliteli do\u011fal p\u0131rlantalar0<\/strong><strong>.58 Karat<\/strong> P\u0131rlanta K\u00fcpe<strong> 14 ayar Beyaz Alt\u0131n<\/strong> 1 <strong>.48 gram a\u011f\u0131rl\u0131\u011f\u0131nda y\u00fcksek kaliteli do\u011fal p\u0131rlantalar<\/strong><strong>Kolye-$<\/strong> 565 <strong>K\u00fcpe-$<\/strong> 572 <strong>Y\u00fcz\u00fck-$<\/strong> 408  &nbsp;<\/p>\n","protected":false},"featured_media":4270,"comment_status":"open","ping_status":"closed","template":"","meta":{"_kad_blocks_custom_css":"","_kad_blocks_head_custom_js":"","_kad_blocks_body_custom_js":"","_kad_blocks_footer_custom_js":"","_kadence_starter_templates_imported_post":false,"_kad_post_transparent":"","_kad_post_title":"","_kad_post_layout":"","_kad_post_sidebar_id":"","_kad_post_content_style":"","_kad_post_vertical_padding":"","_kad_post_feature":"","_kad_post_feature_position":"","_kad_post_header":false,"_kad_post_footer":false,"_kad_post_classname":""},"product_brand":[],"product_cat":[54],"product_tag":[],"class_list":{"0":"post-4271","1":"product","2":"type-product","3":"status-publish","4":"has-post-thumbnail","6":"product_cat-elmas-setleri","8":"first","9":"instock","10":"sale","11":"shipping-taxable","12":"purchasable","13":"product-type-simple","14":"entry","15":"content-bg","16":"loop-entry"},"taxonomy_info":{"product_cat":[{"value":54,"label":"Elmas Setleri"}]},"featured_image_src_large":["https:\/\/zinetgold.com\/wp-content\/uploads\/2024\/10\/r-YZ002514-14K-D-0.14-F-G-SI-14-EM-0.35-n-KL0000540-14K-D-0.17-F-G-SI-19-EM-0.53-1-2.52-gr.-1980-1024x1024.png",1024,1024,true],"author_info":[],"comment_info":0,"_links":{"self":[{"href":"https:\/\/zinetgold.com\/tr\/wp-json\/wp\/v2\/product\/4271","targetHints":{"allow":["GET"]}}],"collection":[{"href":"https:\/\/zinetgold.com\/tr\/wp-json\/wp\/v2\/product"}],"about":[{"href":"https:\/\/zinetgold.com\/tr\/wp-json\/wp\/v2\/types\/product"}],"replies":[{"embeddable":true,"href":"https:\/\/zinetgold.com\/tr\/wp-json\/wp\/v2\/comments?post=4271"}],"wp:featuredmedia":[{"embeddable":true,"href":"https:\/\/zinetgold.com\/tr\/wp-json\/wp\/v2\/media\/4270"}],"wp:attachment":[{"href":"https:\/\/zinetgold.com\/tr\/wp-json\/wp\/v2\/media?parent=4271"}],"wp:term":[{"taxonomy":"product_brand","embeddable":true,"href":"https:\/\/zinetgold.com\/tr\/wp-json\/wp\/v2\/product_brand?post=4271"},{"taxonomy":"product_cat","embeddable":true,"href":"https:\/\/zinetgold.com\/tr\/wp-json\/wp\/v2\/product_cat?post=4271"},{"taxonomy":"product_tag","embeddable":true,"href":"https:\/\/zinetgold.com\/tr\/wp-json\/wp\/v2\/product_tag?post=4271"}],"curies":[{"name":"wp","href":"https:\/\/api.w.org\/{rel}","templated":true}]}}