{"id":4279,"date":"2024-10-18T06:58:16","date_gmt":"2024-10-18T03:58:16","guid":{"rendered":"https:\/\/zinetgold.com\/118-karat-pirlanta-boncuk-bileklik\/"},"modified":"2024-10-18T06:58:32","modified_gmt":"2024-10-18T03:58:32","slug":"118-karat-pirlanta-boncuk-bileklik","status":"publish","type":"product","link":"https:\/\/zinetgold.com\/tr\/118-karat-pirlanta-boncuk-bileklik\/","title":{"rendered":"1,18 Karat P\u0131rlanta Boncuk Bileklik"},"content":{"rendered":"<p>14 ayar beyaz alt\u0131ndan \u00fcretilmi\u015f narin ve minimalist bir p\u0131rlanta bilekliktir. Bilezik, par\u0131lt\u0131l\u0131 ve zarif bir etki yaratan bir dizi k\u00fc\u00e7\u00fck, e\u015fit aral\u0131kl\u0131 p\u0131rlantadan olu\u015fur. Bilezi\u011fin bile\u011fe rahat\u00e7a oturmas\u0131n\u0131 sa\u011flayan esnek bir tasar\u0131ma sahip oldu\u011fu g\u00f6r\u00fcl\u00fcyor. Toka muhtemelen basit bir toka veya manyetik bir kapamad\u0131r.   <\/p>\n","protected":false},"excerpt":{"rendered":"<p><strong>SKU-BL0000522<\/p>\n<p><\/strong> 1<strong>.18 Karat<\/strong> P\u0131rlanta Bileklik <strong>14 ayar Beyaz Alt\u0131n<\/strong> <strong>,<\/strong> <strong> <\/strong><strong> 6.22 gram<\/strong> a\u011f\u0131rl\u0131\u011f\u0131nda y\u00fcksek kalite do\u011fal p\u0131rlanta<\/p>\n","protected":false},"featured_media":4278,"comment_status":"open","ping_status":"closed","template":"","meta":{"_kad_blocks_custom_css":"","_kad_blocks_head_custom_js":"","_kad_blocks_body_custom_js":"","_kad_blocks_footer_custom_js":"","_kadence_starter_templates_imported_post":false,"_kad_post_transparent":"","_kad_post_title":"","_kad_post_layout":"","_kad_post_sidebar_id":"","_kad_post_content_style":"","_kad_post_vertical_padding":"","_kad_post_feature":"","_kad_post_feature_position":"","_kad_post_header":false,"_kad_post_footer":false,"_kad_post_classname":""},"product_brand":[],"product_cat":[53],"product_tag":[],"class_list":{"0":"post-4279","1":"product","2":"type-product","3":"status-publish","4":"has-post-thumbnail","6":"product_cat-pirlanta-bilezikler","8":"first","9":"instock","10":"sale","11":"shipping-taxable","12":"purchasable","13":"product-type-simple","14":"entry","15":"content-bg","16":"loop-entry"},"taxonomy_info":{"product_cat":[{"value":53,"label":"P\u0131rlanta Bilezikler"}]},"featured_image_src_large":["https:\/\/zinetgold.com\/wp-content\/uploads\/2024\/10\/BL0000522-14K-D-1.18-F-G-SI-34-6.22-gr.-5918cal-1024x1024.webp",1024,1024,true],"author_info":[],"comment_info":0,"_links":{"self":[{"href":"https:\/\/zinetgold.com\/tr\/wp-json\/wp\/v2\/product\/4279","targetHints":{"allow":["GET"]}}],"collection":[{"href":"https:\/\/zinetgold.com\/tr\/wp-json\/wp\/v2\/product"}],"about":[{"href":"https:\/\/zinetgold.com\/tr\/wp-json\/wp\/v2\/types\/product"}],"replies":[{"embeddable":true,"href":"https:\/\/zinetgold.com\/tr\/wp-json\/wp\/v2\/comments?post=4279"}],"wp:featuredmedia":[{"embeddable":true,"href":"https:\/\/zinetgold.com\/tr\/wp-json\/wp\/v2\/media\/4278"}],"wp:attachment":[{"href":"https:\/\/zinetgold.com\/tr\/wp-json\/wp\/v2\/media?parent=4279"}],"wp:term":[{"taxonomy":"product_brand","embeddable":true,"href":"https:\/\/zinetgold.com\/tr\/wp-json\/wp\/v2\/product_brand?post=4279"},{"taxonomy":"product_cat","embeddable":true,"href":"https:\/\/zinetgold.com\/tr\/wp-json\/wp\/v2\/product_cat?post=4279"},{"taxonomy":"product_tag","embeddable":true,"href":"https:\/\/zinetgold.com\/tr\/wp-json\/wp\/v2\/product_tag?post=4279"}],"curies":[{"name":"wp","href":"https:\/\/api.w.org\/{rel}","templated":true}]}}